{"id":82,"date":"2018-05-18T23:09:36","date_gmt":"2018-05-18T21:09:36","guid":{"rendered":"https:\/\/holfelner.de\/cms\/?page_id=82"},"modified":"2018-07-07T11:25:24","modified_gmt":"2018-07-07T09:25:24","slug":"betriebswirtschaftliche-beratung","status":"publish","type":"page","link":"https:\/\/holfelner.de\/cms\/betriebswirtschaftliche-beratung\/","title":{"rendered":"Betriebswirtschaft&shy;liche Beratung"},"content":{"rendered":"<h2>Kurs\u00e4nderung erforderlich&#8230;<\/h2>\n<p>Eine betriebswirtschaftliche Beratung geht bei uns mit der Steuerberatung oft einher. Wir sind als Steuerberater mit den betriebswirtschaftlichen T\u00e4tigkeiten unserer Mandanten gut vertraut. Vor allem das Erkennen und Nutzen vorhandener Potenziale ist f\u00fcr uns ein wichtiger Bestandteil der modernen Unternehmensberatung. In bestimmten Situationen ist ein genauer Blick ins System hilfreich oder sogar erforderlich, sei es ob Kredite gebraucht werden f\u00fcr eine Gesch\u00e4ftserweiterung oder ob es eine Krise zu bew\u00e4ltigen gilt.<\/p>\n<p>Mit unserem fundierten Wissen und langj\u00e4hrigen Praxiserfahrung entwickeln wir individuelle Vorschl\u00e4ge f\u00fcr Verbesserungen und Ver\u00e4nderungen und unterst\u00fctzen Sie bei der Umsetzung.<\/p>\n<p>Wir erstellen f\u00fcr Sie:<\/p>\n<ul>\n<li>Bilanz- und Unternehmensanalyse<\/li>\n<li>Liquidit\u00e4ts- und Finanzplanung<\/li>\n<li>Unternehmensbewertung<\/li>\n<li>Verm\u00f6gensaufstellung<\/li>\n<li>Investitionsrechnung<\/li>\n<li>Rentabilit\u00e4tsvorschau<\/li>\n<\/ul>\n<p>Rufen Sie uns an, wir beraten Sie gern.<\/p>\n","protected":false},"excerpt":{"rendered":"<p>Kurs\u00e4nderung erforderlich&#8230; Eine betriebswirtschaftliche Beratung geht bei uns mit der Steuerberatung oft einher. Wir sind als Steuerberater mit den betriebswirtschaftlichen T\u00e4tigkeiten unserer Mandanten gut vertraut. Vor allem das Erkennen und Nutzen vorhandener Potenziale ist f\u00fcr uns ein wichtiger Bestandteil der<\/p>\n","protected":false},"author":1,"featured_media":0,"parent":0,"menu_order":0,"comment_status":"closed","ping_status":"closed","template":"","meta":{"footnotes":""},"class_list":["post-82","page","type-page","status-publish","hentry"],"_links":{"self":[{"href":"https:\/\/holfelner.de\/cms\/wp-json\/wp\/v2\/pages\/82","targetHints":{"allow":["GET"]}}],"collection":[{"href":"https:\/\/holfelner.de\/cms\/wp-json\/wp\/v2\/pages"}],"about":[{"href":"https:\/\/holfelner.de\/cms\/wp-json\/wp\/v2\/types\/page"}],"author":[{"embeddable":true,"href":"https:\/\/holfelner.de\/cms\/wp-json\/wp\/v2\/users\/1"}],"replies":[{"embeddable":true,"href":"https:\/\/holfelner.de\/cms\/wp-json\/wp\/v2\/comments?post=82"}],"version-history":[{"count":10,"href":"https:\/\/holfelner.de\/cms\/wp-json\/wp\/v2\/pages\/82\/revisions"}],"predecessor-version":[{"id":263,"href":"https:\/\/holfelner.de\/cms\/wp-json\/wp\/v2\/pages\/82\/revisions\/263"}],"wp:attachment":[{"href":"https:\/\/holfelner.de\/cms\/wp-json\/wp\/v2\/media?parent=82"}],"curies":[{"name":"wp","href":"https:\/\/api.w.org\/{rel}","templated":true}]}}