{"id":67,"date":"2018-05-18T22:55:47","date_gmt":"2018-05-18T20:55:47","guid":{"rendered":"https:\/\/holfelner.de\/cms\/?page_id=67"},"modified":"2018-07-07T12:02:25","modified_gmt":"2018-07-07T10:02:25","slug":"kontakt","status":"publish","type":"page","link":"https:\/\/holfelner.de\/cms\/kontakt\/","title":{"rendered":"Kontakt"},"content":{"rendered":"<h2>Wir freuen uns auf Ihre Nachricht<\/h2>\n<p>&nbsp;<\/p>\n<div style=\"width: 70%;\">\n<p>Ihre Angaben werden mit SSL-Verschl\u00fcsselung \u00fcbertragen und zum Beantworten Ihrer Anfrage gespeichert. Selbstverst\u00e4ndlich beachten wir die Vorschriften des Datenschutzes. Hier geht es zur <a href=\"https:\/\/holfelner.de\/cms\/datenschutzerklaerung\/\" target=\"_blank\" rel=\"noopener\">Datenschutzerkl\u00e4rung<\/a>.<\/p>\n<p>&nbsp;<\/p>\n\n<div class=\"wpcf7 no-js\" id=\"wpcf7-f91-o1\" lang=\"de-DE\" dir=\"ltr\" data-wpcf7-id=\"91\">\n<div class=\"screen-reader-response\"><p role=\"status\" aria-live=\"polite\" aria-atomic=\"true\"><\/p> <ul><\/ul><\/div>\n<form action=\"\/cms\/wp-json\/wp\/v2\/pages\/67#wpcf7-f91-o1\" method=\"post\" class=\"wpcf7-form init\" aria-label=\"Kontaktformular\" novalidate=\"novalidate\" data-status=\"init\">\n<fieldset class=\"hidden-fields-container\"><input type=\"hidden\" name=\"_wpcf7\" value=\"91\" \/><input type=\"hidden\" name=\"_wpcf7_version\" value=\"6.1.5\" \/><input type=\"hidden\" name=\"_wpcf7_locale\" value=\"de_DE\" \/><input type=\"hidden\" name=\"_wpcf7_unit_tag\" value=\"wpcf7-f91-o1\" \/><input type=\"hidden\" name=\"_wpcf7_container_post\" value=\"0\" \/><input type=\"hidden\" name=\"_wpcf7_posted_data_hash\" value=\"\" \/>\n<\/fieldset>\n<p><label>Nachricht an* (bitte ausw\u00e4hlen):<\/label><br \/>\n<span class=\"wpcf7-form-control-wrap\" data-name=\"recipient\"><span class=\"wpcf7-form-control wpcf7-radio\"><span class=\"wpcf7-list-item first\"><input type=\"radio\" name=\"recipient\" value=\"B\u00fcro Regensburg\" checked=\"checked\" \/><span class=\"wpcf7-list-item-label\">B\u00fcro Regensburg<\/span><\/span><span class=\"wpcf7-list-item last\"><input type=\"radio\" name=\"recipient\" value=\"B\u00fcro Nittendorf\" \/><span class=\"wpcf7-list-item-label\">B\u00fcro Nittendorf<\/span><\/span><\/span><\/span>\n<\/p>\n<div style=\"height:20px;\">\n<\/div>\n<p><label> Ihr Name (Pflichtfeld)<br \/>\n<span class=\"wpcf7-form-control-wrap\" data-name=\"your-name\"><input size=\"40\" maxlength=\"400\" class=\"wpcf7-form-control wpcf7-text wpcf7-validates-as-required\" aria-required=\"true\" aria-invalid=\"false\" value=\"\" type=\"text\" name=\"your-name\" \/><\/span> <\/label>\n<\/p>\n<p><label> Ihre E-Mail-Adresse (Pflichtfeld)<br \/>\n<span class=\"wpcf7-form-control-wrap\" data-name=\"your-email\"><input size=\"40\" maxlength=\"400\" class=\"wpcf7-form-control wpcf7-email wpcf7-validates-as-required wpcf7-text wpcf7-validates-as-email\" aria-required=\"true\" aria-invalid=\"false\" value=\"\" type=\"email\" name=\"your-email\" \/><\/span> <\/label>\n<\/p>\n<p><label> Betreff<br \/>\n<span class=\"wpcf7-form-control-wrap\" data-name=\"your-subject\"><input size=\"40\" maxlength=\"400\" class=\"wpcf7-form-control wpcf7-text\" aria-invalid=\"false\" value=\"\" type=\"text\" name=\"your-subject\" \/><\/span> <\/label>\n<\/p>\n<p><label> Ihre Nachricht<br \/>\n<span class=\"wpcf7-form-control-wrap\" data-name=\"your-message\"><textarea cols=\"40\" rows=\"10\" maxlength=\"2000\" class=\"wpcf7-form-control wpcf7-textarea\" aria-invalid=\"false\" name=\"your-message\"><\/textarea><\/span> <\/label><br \/>\n<span class=\"wpcf7-form-control-wrap\" data-name=\"quiz-35\"><label><span class=\"wpcf7-quiz-label\">Spam-Barriere: Die Hauptstadt von Frankreich?<\/span> <input size=\"40\" class=\"wpcf7-form-control wpcf7-quiz\" autocomplete=\"off\" aria-required=\"true\" aria-invalid=\"false\" type=\"text\" name=\"quiz-35\" \/><\/label><input type=\"hidden\" name=\"_wpcf7_quiz_answer_quiz-35\" value=\"835ea7a5ff555c5767ca15d5b71f303b\" \/><\/span>\n<\/p>\n<p><input class=\"wpcf7-form-control wpcf7-submit has-spinner\" type=\"submit\" value=\"Senden\" \/>\n<\/p><div class=\"wpcf7-response-output\" aria-hidden=\"true\"><\/div>\n<\/form>\n<\/div>\n\n<\/div>\n","protected":false},"excerpt":{"rendered":"<p>Wir freuen uns auf Ihre Nachricht &nbsp; Ihre Angaben werden mit SSL-Verschl\u00fcsselung \u00fcbertragen und zum Beantworten Ihrer Anfrage gespeichert. Selbstverst\u00e4ndlich beachten wir die Vorschriften des Datenschutzes. Hier geht es zur Datenschutzerkl\u00e4rung. &nbsp;<\/p>\n","protected":false},"author":1,"featured_media":0,"parent":0,"menu_order":0,"comment_status":"closed","ping_status":"closed","template":"","meta":{"footnotes":""},"class_list":["post-67","page","type-page","status-publish","hentry"],"_links":{"self":[{"href":"https:\/\/holfelner.de\/cms\/wp-json\/wp\/v2\/pages\/67","targetHints":{"allow":["GET"]}}],"collection":[{"href":"https:\/\/holfelner.de\/cms\/wp-json\/wp\/v2\/pages"}],"about":[{"href":"https:\/\/holfelner.de\/cms\/wp-json\/wp\/v2\/types\/page"}],"author":[{"embeddable":true,"href":"https:\/\/holfelner.de\/cms\/wp-json\/wp\/v2\/users\/1"}],"replies":[{"embeddable":true,"href":"https:\/\/holfelner.de\/cms\/wp-json\/wp\/v2\/comments?post=67"}],"version-history":[{"count":18,"href":"https:\/\/holfelner.de\/cms\/wp-json\/wp\/v2\/pages\/67\/revisions"}],"predecessor-version":[{"id":293,"href":"https:\/\/holfelner.de\/cms\/wp-json\/wp\/v2\/pages\/67\/revisions\/293"}],"wp:attachment":[{"href":"https:\/\/holfelner.de\/cms\/wp-json\/wp\/v2\/media?parent=67"}],"curies":[{"name":"wp","href":"https:\/\/api.w.org\/{rel}","templated":true}]}}