{"id":63,"date":"2018-05-18T22:54:47","date_gmt":"2018-05-18T20:54:47","guid":{"rendered":"https:\/\/holfelner.de\/cms\/?page_id=63"},"modified":"2018-05-21T10:03:53","modified_gmt":"2018-05-21T08:03:53","slug":"kanzlei","status":"publish","type":"page","link":"https:\/\/holfelner.de\/cms\/kanzlei\/","title":{"rendered":"Kanzlei"},"content":{"rendered":"<h2>20 Jahre Erfahrung<\/h2>\n<p>Wir k\u00f6nnen auf \u00fcber 20 Jahre Erfahrungen als Steuerberater zur\u00fcckgreifen und betreuen unsere Mandanten kompetent und pers\u00f6nlich. Unsere Steuerkanzlei sitzt in <a href=\"https:\/\/holfelner.de\/cms\/buero-regensburg\/\">Regensburg<\/a> und in <a href=\"https:\/\/holfelner.de\/cms\/nittendorf\/\">Nittendorf<\/a>.<\/p>\n<p><strong>Spezialisiert<br \/>\n<\/strong>Zu unseren Mandanten z\u00e4hlen insbesondere Privatpersonen, Selbst\u00e4ndige, Freiberufler, kleine und mittlere Unternehmen.<\/p>\n<p><b>Pers\u00f6nliche Beratung<\/b><br \/>\nWir legen gro\u00dfen Wert auf pers\u00f6nliche Beratung. Bei uns k\u00fcmmert sich der Steuerberater pers\u00f6nlich um Ihre Angelegenheiten.<\/p>\n<p><b>Preis-Leistungs-Verh\u00e4ltnis<\/b><br \/>\nTranzparenz und faire Abrechnung der erbrachten Leistungen ist bei uns selbstverst\u00e4ndlich.<\/p>\n<p><b>Besonderheiten<\/b><br \/>\nWir verf\u00fcgen \u00fcber umfassende Erfahrungen in der Wirtschaftspr\u00fcfung und langj\u00e4hrige Beratung von Immobilien-Fondsgesellschaften.<\/p>\n<p>&nbsp;<\/p>\n","protected":false},"excerpt":{"rendered":"<p>20 Jahre Erfahrung Wir k\u00f6nnen auf \u00fcber 20 Jahre Erfahrungen als Steuerberater zur\u00fcckgreifen und betreuen unsere Mandanten kompetent und pers\u00f6nlich. Unsere Steuerkanzlei sitzt in Regensburg und in Nittendorf. Spezialisiert Zu unseren Mandanten z\u00e4hlen insbesondere Privatpersonen, Selbst\u00e4ndige, Freiberufler, kleine und mittlere<\/p>\n","protected":false},"author":1,"featured_media":0,"parent":0,"menu_order":0,"comment_status":"closed","ping_status":"closed","template":"","meta":{"footnotes":""},"class_list":["post-63","page","type-page","status-publish","hentry"],"_links":{"self":[{"href":"https:\/\/holfelner.de\/cms\/wp-json\/wp\/v2\/pages\/63","targetHints":{"allow":["GET"]}}],"collection":[{"href":"https:\/\/holfelner.de\/cms\/wp-json\/wp\/v2\/pages"}],"about":[{"href":"https:\/\/holfelner.de\/cms\/wp-json\/wp\/v2\/types\/page"}],"author":[{"embeddable":true,"href":"https:\/\/holfelner.de\/cms\/wp-json\/wp\/v2\/users\/1"}],"replies":[{"embeddable":true,"href":"https:\/\/holfelner.de\/cms\/wp-json\/wp\/v2\/comments?post=63"}],"version-history":[{"count":7,"href":"https:\/\/holfelner.de\/cms\/wp-json\/wp\/v2\/pages\/63\/revisions"}],"predecessor-version":[{"id":136,"href":"https:\/\/holfelner.de\/cms\/wp-json\/wp\/v2\/pages\/63\/revisions\/136"}],"wp:attachment":[{"href":"https:\/\/holfelner.de\/cms\/wp-json\/wp\/v2\/media?parent=63"}],"curies":[{"name":"wp","href":"https:\/\/api.w.org\/{rel}","templated":true}]}}