{"id":61,"date":"2018-05-18T22:54:13","date_gmt":"2018-05-18T20:54:13","guid":{"rendered":"https:\/\/holfelner.de\/cms\/?page_id=61"},"modified":"2018-05-21T11:26:45","modified_gmt":"2018-05-21T09:26:45","slug":"leistungen","status":"publish","type":"page","link":"https:\/\/holfelner.de\/cms\/leistungen\/","title":{"rendered":"Leistungen"},"content":{"rendered":"<p>Wir bieten alle Leistungen rund ums Thema Steuern:<\/p>\n<ul>\n<li>Steuererkl\u00e4rungen<\/li>\n<li>Rechtsformberatung<\/li>\n<li>Gr\u00fcndungsberatung<\/li>\n<li>Lohn- und Gehaltsbuchf\u00fchrung<\/li>\n<li>Jahresabschluss<\/li>\n<li>betriebswirtschaftliche Beratung<\/li>\n<\/ul>\n<p>Rufen Sie uns an, oder senden Sie uns eine Nachricht.<\/p>\n","protected":false},"excerpt":{"rendered":"<p>Wir bieten alle Leistungen rund ums Thema Steuern: Steuererkl\u00e4rungen Rechtsformberatung Gr\u00fcndungsberatung Lohn- und Gehaltsbuchf\u00fchrung Jahresabschluss betriebswirtschaftliche Beratung Rufen Sie uns an, oder senden Sie uns eine Nachricht.<\/p>\n","protected":false},"author":1,"featured_media":0,"parent":0,"menu_order":0,"comment_status":"closed","ping_status":"closed","template":"","meta":{"footnotes":""},"class_list":["post-61","page","type-page","status-publish","hentry"],"_links":{"self":[{"href":"https:\/\/holfelner.de\/cms\/wp-json\/wp\/v2\/pages\/61","targetHints":{"allow":["GET"]}}],"collection":[{"href":"https:\/\/holfelner.de\/cms\/wp-json\/wp\/v2\/pages"}],"about":[{"href":"https:\/\/holfelner.de\/cms\/wp-json\/wp\/v2\/types\/page"}],"author":[{"embeddable":true,"href":"https:\/\/holfelner.de\/cms\/wp-json\/wp\/v2\/users\/1"}],"replies":[{"embeddable":true,"href":"https:\/\/holfelner.de\/cms\/wp-json\/wp\/v2\/comments?post=61"}],"version-history":[{"count":4,"href":"https:\/\/holfelner.de\/cms\/wp-json\/wp\/v2\/pages\/61\/revisions"}],"predecessor-version":[{"id":195,"href":"https:\/\/holfelner.de\/cms\/wp-json\/wp\/v2\/pages\/61\/revisions\/195"}],"wp:attachment":[{"href":"https:\/\/holfelner.de\/cms\/wp-json\/wp\/v2\/media?parent=61"}],"curies":[{"name":"wp","href":"https:\/\/api.w.org\/{rel}","templated":true}]}}