{"id":25,"date":"2018-05-18T21:38:16","date_gmt":"2018-05-18T19:38:16","guid":{"rendered":"https:\/\/holfelner.de\/cms\/?page_id=25"},"modified":"2018-07-07T11:21:55","modified_gmt":"2018-07-07T09:21:55","slug":"gruendungs-und-rechtsformberatung","status":"publish","type":"page","link":"https:\/\/holfelner.de\/cms\/gruendungs-und-rechtsformberatung\/","title":{"rendered":"Gr\u00fcndungs- und Rechtsformberatung"},"content":{"rendered":"<div class=\"content-image-text content-image-text-left content-image-text-float\">\n<h2>Wir bringen Sie auf Kurs<\/h2>\n<h3>Gr\u00fcndungsberatung<\/h3>\n<p>Sie haben eine Gesch\u00e4ftsidee und brauchen nun ein gut durchdachtes Konzept und eine qualifizierte Beratung. Wir unterst\u00fctzen Sie gern bei Ihrem Gr\u00fcndungsvorhaben durch eine Existenzgr\u00fcndungsberatung (staatliche F\u00f6rderung m\u00f6glich!) mit der Erstellung von:<\/p>\n<ul>\n<li>Planungsrechnungen<\/li>\n<li>Rentabilit\u00e4tsvorschau<\/li>\n<li>Berechnung des Finanzierungsbedarfs<\/li>\n<\/ul>\n<h3>Rechtsformberatung<\/h3>\n<p>Eine Reihe von Faktoren spielen bei der Wahl der geeigneten Rechtsform eine Rolle. Dazu geh\u00f6ren u. a. die Haftungsfrage, Kapitalaufbringung, Leitung und Kontrolle des Unternehmens, die Steuerbelastung, aber auch Nachfolgeregelungen und nat\u00fcrlich der laufende Verwaltungsaufwand.<\/p>\n<p>Da ein Unternehmen kein statisches Gebilde ist, sondern st\u00e4ndigen Ver\u00e4nderungen unterliegt, ist eine regelm\u00e4\u00dfige \u00dcberpr\u00fcfung der Rechtsform sinnvoll und notwendig. Die optimale Rechtsform vermeidet unn\u00f6tige Kosten und verleiht Sicherheit f\u00fcr Ihr zuk\u00fcnftiges unternehmerisches Handeln. Wir analysieren mit Ihnen Ihre Ausgangssituation und finden die f\u00fcr Sie passende Rechtsform.<\/p>\n<p>&nbsp;<\/p>\n<\/div>\n","protected":false},"excerpt":{"rendered":"<p>Sie steuern in eine neue Richtung? Wir unterst\u00fctzen Sie kompetent bei Ihrem Gr\u00fcndungsvorhaben. F\u00fcr neue und bestehende Unternehmen finden wir die passende Rechtsform.<\/p>\n","protected":false},"author":1,"featured_media":0,"parent":0,"menu_order":0,"comment_status":"closed","ping_status":"closed","template":"","meta":{"footnotes":""},"class_list":["post-25","page","type-page","status-publish","hentry"],"_links":{"self":[{"href":"https:\/\/holfelner.de\/cms\/wp-json\/wp\/v2\/pages\/25","targetHints":{"allow":["GET"]}}],"collection":[{"href":"https:\/\/holfelner.de\/cms\/wp-json\/wp\/v2\/pages"}],"about":[{"href":"https:\/\/holfelner.de\/cms\/wp-json\/wp\/v2\/types\/page"}],"author":[{"embeddable":true,"href":"https:\/\/holfelner.de\/cms\/wp-json\/wp\/v2\/users\/1"}],"replies":[{"embeddable":true,"href":"https:\/\/holfelner.de\/cms\/wp-json\/wp\/v2\/comments?post=25"}],"version-history":[{"count":16,"href":"https:\/\/holfelner.de\/cms\/wp-json\/wp\/v2\/pages\/25\/revisions"}],"predecessor-version":[{"id":260,"href":"https:\/\/holfelner.de\/cms\/wp-json\/wp\/v2\/pages\/25\/revisions\/260"}],"wp:attachment":[{"href":"https:\/\/holfelner.de\/cms\/wp-json\/wp\/v2\/media?parent=25"}],"curies":[{"name":"wp","href":"https:\/\/api.w.org\/{rel}","templated":true}]}}