{"id":20,"date":"2018-05-18T21:37:14","date_gmt":"2018-05-18T19:37:14","guid":{"rendered":"https:\/\/holfelner.de\/cms\/?page_id=20"},"modified":"2018-07-07T11:16:08","modified_gmt":"2018-07-07T09:16:08","slug":"steuerberatung","status":"publish","type":"page","link":"https:\/\/holfelner.de\/cms\/steuerberatung\/","title":{"rendered":"Steuererkl\u00e4rungen"},"content":{"rendered":"<h2>Wir navigieren Sie sicher durch den Steuerlandschaft<\/h2>\n<p>Wir erstellen Steuererkl\u00e4rungen f\u00fcr Privatpersonen, Unternehmen, Gesellschafter, Einzelunternehmer und Freiberufler. Bei Fragestellungen von Beh\u00f6rden und Banken stehen wir Ihnen als Ansprechpartner zur Seite. Auch im Rahmen einer Betriebspr\u00fcfung erhalten Sie unsere professionelle Unterst\u00fctzung. Wir begleiten Sie gerne bei s\u00e4mtlichen Pr\u00fcfungen wie Umsatzsteuersonderpr\u00fcfungen, abgek\u00fcrzten Au\u00dfenpr\u00fcfungen und Betriebspr\u00fcfungen.<\/p>\n<p><strong>Einkommensteuer<\/strong><\/p>\n<p>F\u00fcr Arbeitnehmer, Selbst\u00e4ndige, Freiberufler oder Rentner.<\/p>\n<p><strong>Umsatzsteuer<\/strong><\/p>\n<p>F\u00fcr Unternehmer, Kleingewerbetreibende z.B. mit einer Photovoltaikanlage, Vermieter mit steuerpflichtigen Ums\u00e4tzen. Erforderlichenfalls beantragen wir f\u00fcr Sie die Erstattung der im Ausland angefallenen Vorsteuerbetr\u00e4ge.<\/p>\n<p><strong>Erbschaftsteuer &amp; Schenkungsteuer<\/strong><\/p>\n<p>Sie haben geerbt oder eine Schenkung erhalten? Wir unterst\u00fctzen Sie bei der Erstellung der erforderlichen Steuererkl\u00e4rungen. Oder sind Sie noch bei der Planung einer Verm\u00f6gens\u00fcbergabe? Falls Sie bereits Regelungen getroffen haben, z.B. durch ein Testament, k\u00f6nnen wir Ihnen sagen, wie hoch die Steuerbelastung dadurch sein wird. Durch fr\u00fchzeitige Planung l\u00e4sst sich Erbschaftsteuer und Schenkungsteuer sparen.<\/p>\n<p><strong>Gewerbesteuer<\/strong><\/p>\n<p>Nicht jeder Unternehmer ist gewerbesteuerpflichtig. Wir pr\u00fcfen Ihre Gewerbesteuerpflicht.<\/p>\n<p><strong>K\u00f6rperschaftsteuer<\/strong><\/p>\n<p>F\u00fcr alle juristischen Personen, das sind u. a. GmbH, AG, Vereine, Stiftungen, Limited erstellen wir die K\u00f6rperschaftsteuererkl\u00e4rung.<\/p>\n","protected":false},"excerpt":{"rendered":"<p>Wir erstellen Steuererkl\u00e4rungen f\u00fcr Privatpersonen, Unternehmen, Gesellschafter, Einzelunternehmer und Freiberufler. Auch bei Fragestellungen von Beh\u00f6rden und Banken stehen wir Ihnen als Ansprechpartner zur Seite.<\/p>\n","protected":false},"author":1,"featured_media":0,"parent":0,"menu_order":0,"comment_status":"closed","ping_status":"closed","template":"","meta":{"footnotes":""},"class_list":["post-20","page","type-page","status-publish","hentry"],"_links":{"self":[{"href":"https:\/\/holfelner.de\/cms\/wp-json\/wp\/v2\/pages\/20","targetHints":{"allow":["GET"]}}],"collection":[{"href":"https:\/\/holfelner.de\/cms\/wp-json\/wp\/v2\/pages"}],"about":[{"href":"https:\/\/holfelner.de\/cms\/wp-json\/wp\/v2\/types\/page"}],"author":[{"embeddable":true,"href":"https:\/\/holfelner.de\/cms\/wp-json\/wp\/v2\/users\/1"}],"replies":[{"embeddable":true,"href":"https:\/\/holfelner.de\/cms\/wp-json\/wp\/v2\/comments?post=20"}],"version-history":[{"count":15,"href":"https:\/\/holfelner.de\/cms\/wp-json\/wp\/v2\/pages\/20\/revisions"}],"predecessor-version":[{"id":257,"href":"https:\/\/holfelner.de\/cms\/wp-json\/wp\/v2\/pages\/20\/revisions\/257"}],"wp:attachment":[{"href":"https:\/\/holfelner.de\/cms\/wp-json\/wp\/v2\/media?parent=20"}],"curies":[{"name":"wp","href":"https:\/\/api.w.org\/{rel}","templated":true}]}}