{"id":137,"date":"2018-05-21T10:04:43","date_gmt":"2018-05-21T08:04:43","guid":{"rendered":"https:\/\/holfelner.de\/cms\/?page_id=137"},"modified":"2018-07-07T11:42:14","modified_gmt":"2018-07-07T09:42:14","slug":"team","status":"publish","type":"page","link":"https:\/\/holfelner.de\/cms\/team\/","title":{"rendered":"Team"},"content":{"rendered":"<h2>Unser Team<\/h2>\n<div style=\"float: left; width: 350px; margin-right: 100px; height: 550px; text-align: left;\">\n<p><img loading=\"lazy\" decoding=\"async\" class=\"alignnone wp-image-125\" src=\"https:\/\/holfelner.de\/cms\/wp-content\/uploads\/2018\/05\/nitt1.jpg\" alt=\"\" width=\"250\" height=\"253\" srcset=\"https:\/\/holfelner.de\/cms\/wp-content\/uploads\/2018\/05\/nitt1.jpg 300w, https:\/\/holfelner.de\/cms\/wp-content\/uploads\/2018\/05\/nitt1-296x300.jpg 296w\" sizes=\"auto, (max-width: 250px) 100vw, 250px\" \/><\/p>\n<div style=\"margin-left: 3em;\"><strong>Gisela Holfelner<\/strong><\/p>\n<p>Dipl.-Kauffrau<br \/>\nSteuerberaterin seit 1996<br \/>\nselbst\u00e4ndig seit 1996<\/p>\n<p>&nbsp;<\/p>\n<p><strong>Alexandra Rimroth<\/strong><br \/>\nSteuerfachgehilfin<\/p>\n<p><a href=\"https:\/\/holfelner.de\/cms\/nittendorf\/\">B\u00fcro Nittendorf<\/a><\/div>\n<\/div>\n<div style=\"float: left; width: 350px; margin-right: 100px; height: 550px; text-align: left;\">\n<p><img loading=\"lazy\" decoding=\"async\" class=\"alignnone wp-image-126\" src=\"https:\/\/holfelner.de\/cms\/wp-content\/uploads\/2018\/05\/reg2.jpg\" alt=\"\" width=\"250\" height=\"253\" srcset=\"https:\/\/holfelner.de\/cms\/wp-content\/uploads\/2018\/05\/reg2.jpg 300w, https:\/\/holfelner.de\/cms\/wp-content\/uploads\/2018\/05\/reg2-296x300.jpg 296w\" sizes=\"auto, (max-width: 250px) 100vw, 250px\" \/><\/p>\n<div style=\"margin-left: 3em;\"><strong>Dieter Holfelner<\/strong><\/p>\n<p>Dipl.-Betriebswirt (FH)<br \/>\nSteuerberater seit 1997<br \/>\nselbst\u00e4ndig seit 2001<\/p>\n<p>&nbsp;<\/p>\n<p><strong>Monika Frank<\/strong><br \/>\nSteuerfachgehilfin<\/p>\n<p><a href=\"https:\/\/holfelner.de\/cms\/buero-regensburg\/\">B\u00fcro Regensburg<\/a><\/div>\n<\/div>\n","protected":false},"excerpt":{"rendered":"<p>Unser Team Gisela Holfelner Dipl.-Kauffrau Steuerberaterin seit 1996 selbst\u00e4ndig seit 1996 &nbsp; Alexandra Rimroth Steuerfachgehilfin B\u00fcro Nittendorf Dieter Holfelner Dipl.-Betriebswirt (FH) Steuerberater seit 1997 selbst\u00e4ndig seit 2001 &nbsp; Monika Frank Steuerfachgehilfin B\u00fcro Regensburg<\/p>\n","protected":false},"author":1,"featured_media":0,"parent":0,"menu_order":0,"comment_status":"closed","ping_status":"closed","template":"","meta":{"footnotes":""},"class_list":["post-137","page","type-page","status-publish","hentry"],"_links":{"self":[{"href":"https:\/\/holfelner.de\/cms\/wp-json\/wp\/v2\/pages\/137","targetHints":{"allow":["GET"]}}],"collection":[{"href":"https:\/\/holfelner.de\/cms\/wp-json\/wp\/v2\/pages"}],"about":[{"href":"https:\/\/holfelner.de\/cms\/wp-json\/wp\/v2\/types\/page"}],"author":[{"embeddable":true,"href":"https:\/\/holfelner.de\/cms\/wp-json\/wp\/v2\/users\/1"}],"replies":[{"embeddable":true,"href":"https:\/\/holfelner.de\/cms\/wp-json\/wp\/v2\/comments?post=137"}],"version-history":[{"count":49,"href":"https:\/\/holfelner.de\/cms\/wp-json\/wp\/v2\/pages\/137\/revisions"}],"predecessor-version":[{"id":278,"href":"https:\/\/holfelner.de\/cms\/wp-json\/wp\/v2\/pages\/137\/revisions\/278"}],"wp:attachment":[{"href":"https:\/\/holfelner.de\/cms\/wp-json\/wp\/v2\/media?parent=137"}],"curies":[{"name":"wp","href":"https:\/\/api.w.org\/{rel}","templated":true}]}}